{"id":10,"date":"2026-02-03T15:36:59","date_gmt":"2026-02-03T15:36:59","guid":{"rendered":"https:\/\/limoncereza.com\/zaralarsson\/?page_id=10"},"modified":"2026-02-08T06:02:11","modified_gmt":"2026-02-08T06:02:11","slug":"zara-larsson","status":"publish","type":"page","link":"https:\/\/limoncereza.com\/zaralarsson\/zara-larsson\/","title":{"rendered":"Zara Larsson"},"content":{"rendered":"\t\t<div data-elementor-type=\"wp-page\" data-elementor-id=\"10\" class=\"elementor elementor-10\" data-elementor-post-type=\"page\">\n\t\t\t\t<div class=\"elementor-element elementor-element-2464b17 e-con-full e-flex e-con e-parent\" data-id=\"2464b17\" data-element_type=\"container\" data-e-type=\"container\">\n\t\t\t\t<div class=\"elementor-element elementor-element-b7c748a elementor-widget__width-inherit elementor-widget elementor-widget-image\" data-id=\"b7c748a\" data-element_type=\"widget\" data-e-type=\"widget\" data-widget_type=\"image.default\">\n\t\t\t\t\t\t\t\t\t\t\t\t\t\t\t<img fetchpriority=\"high\" decoding=\"async\" width=\"1024\" height=\"76\" src=\"https:\/\/limoncereza.com\/zaralarsson\/wp-content\/uploads\/2026\/02\/MENU-1024x76.png\" class=\"attachment-large size-large wp-image-54\" alt=\"\" srcset=\"https:\/\/limoncereza.com\/zaralarsson\/wp-content\/uploads\/2026\/02\/MENU-1024x76.png 1024w, https:\/\/limoncereza.com\/zaralarsson\/wp-content\/uploads\/2026\/02\/MENU-300x22.png 300w, https:\/\/limoncereza.com\/zaralarsson\/wp-content\/uploads\/2026\/02\/MENU-768x57.png 768w, https:\/\/limoncereza.com\/zaralarsson\/wp-content\/uploads\/2026\/02\/MENU-1536x114.png 1536w, https:\/\/limoncereza.com\/zaralarsson\/wp-content\/uploads\/2026\/02\/MENU.png 1920w\" sizes=\"(max-width: 1024px) 100vw, 1024px\" \/>\t\t\t\t\t\t\t\t\t\t\t\t\t\t\t<\/div>\n\t\t\t\t<\/div>\n\t\t<div class=\"elementor-element elementor-element-0a40354 e-flex e-con-boxed e-con e-parent\" data-id=\"0a40354\" data-element_type=\"container\" data-e-type=\"container\" data-settings=\"{&quot;animation&quot;:&quot;none&quot;,&quot;animation_delay&quot;:0}\">\n\t\t\t\t\t<div class=\"e-con-inner\">\n\t\t\t\t<div class=\"elementor-element elementor-element-39c9e80 elementor-widget elementor-widget-video\" data-id=\"39c9e80\" data-element_type=\"widget\" data-e-type=\"widget\" data-settings=\"{&quot;video_type&quot;:&quot;hosted&quot;,&quot;autoplay&quot;:&quot;yes&quot;,&quot;mute&quot;:&quot;yes&quot;,&quot;loop&quot;:&quot;yes&quot;,&quot;_animation&quot;:&quot;none&quot;}\" data-widget_type=\"video.default\">\n\t\t\t\t\t\t\t<div class=\"e-hosted-video elementor-wrapper elementor-open-inline\">\n\t\t\t\t\t<video class=\"elementor-video\" src=\"https:\/\/limoncereza.com\/zaralarsson\/wp-content\/uploads\/2026\/02\/SECCION-1_2.mp4\" autoplay=\"\" loop=\"\" muted=\"muted\" controlsList=\"nodownload\"><\/video>\n\t\t\t\t<\/div>\n\t\t\t\t\t\t<\/div>\n\t\t\t\t\t<\/div>\n\t\t\t\t<\/div>\n\t\t<div class=\"elementor-element elementor-element-8705e8e e-flex e-con-boxed e-con e-parent\" data-id=\"8705e8e\" data-element_type=\"container\" data-e-type=\"container\" data-settings=\"{&quot;background_background&quot;:&quot;video&quot;,&quot;background_video_link&quot;:&quot;https:\\\/\\\/limoncereza.com\\\/zaralarsson\\\/wp-content\\\/uploads\\\/2026\\\/02\\\/SECCION-2.mp4&quot;,&quot;background_video_start&quot;:1,&quot;background_video_end&quot;:0,&quot;background_play_on_mobile&quot;:&quot;yes&quot;}\">\n\t\t\t\t\t<div class=\"e-con-inner\">\n\t\t<div class=\"elementor-background-video-container\">\n\t\t\t\t\t\t\t<video class=\"elementor-background-video-hosted\" role=\"presentation\" autoplay muted playsinline loop><\/video>\n\t\t\t\t\t<\/div>\t\t<div class=\"elementor-element elementor-element-09e1ab1 elementor-widget elementor-widget-text-editor\" data-id=\"09e1ab1\" data-element_type=\"widget\" data-e-type=\"widget\" data-widget_type=\"text-editor.default\">\n\t\t\t\t\t\t\t\t\t<p>Zara Larsson es una estrella del pop sueco que fusiona una t\u00e9cnica vocal impecable con una presencia esc\u00e9nica arrolladora y empoderada. En su era Midnight Sun, abandona el pop convencional para adoptar una est\u00e9tica madura, et\u00e9rea y celestial, inspirada en la luz infinita del verano n\u00f3rdico.<\/p>\t\t\t\t\t\t\t\t<\/div>\n\t\t\t\t\t<\/div>\n\t\t\t\t<\/div>\n\t\t<div class=\"elementor-element elementor-element-0c6b95d e-flex e-con-boxed e-con e-parent\" data-id=\"0c6b95d\" data-element_type=\"container\" data-e-type=\"container\" data-settings=\"{&quot;background_background&quot;:&quot;video&quot;,&quot;background_video_link&quot;:&quot;https:\\\/\\\/limoncereza.com\\\/zaralarsson\\\/wp-content\\\/uploads\\\/2026\\\/02\\\/SECCION-3_5.mp4&quot;,&quot;background_video_start&quot;:1,&quot;background_play_on_mobile&quot;:&quot;yes&quot;}\">\n\t\t\t\t\t<div class=\"e-con-inner\">\n\t\t<div class=\"elementor-background-video-container\">\n\t\t\t\t\t\t\t<video class=\"elementor-background-video-hosted\" role=\"presentation\" autoplay muted playsinline loop><\/video>\n\t\t\t\t\t<\/div>\t\t<div class=\"elementor-element elementor-element-b4d378c elementor-pagination-type-bullets elementor-arrows-position-inside elementor-pagination-position-outside elementor-widget elementor-widget-n-carousel\" data-id=\"b4d378c\" data-element_type=\"widget\" data-e-type=\"widget\" data-settings=\"{&quot;carousel_items&quot;:[{&quot;slide_title&quot;:&quot;&quot;,&quot;_id&quot;:&quot;3a89719&quot;,&quot;__dynamic__&quot;:{&quot;slide_title&quot;:&quot;[elementor-tag id=\\&quot;1467bb6\\&quot; name=\\&quot;archive-meta\\&quot; settings=\\&quot;%7B%7D\\&quot;]&quot;}},{&quot;slide_title&quot;:&quot;Slide #2&quot;,&quot;_id&quot;:&quot;5f4d50b&quot;},{&quot;slide_title&quot;:&quot;Slide #3&quot;,&quot;_id&quot;:&quot;db760bf&quot;},{&quot;_id&quot;:&quot;4149da2&quot;,&quot;slide_title&quot;:&quot;Slide #4&quot;}],&quot;image_spacing_custom&quot;:{&quot;unit&quot;:&quot;px&quot;,&quot;size&quot;:0,&quot;sizes&quot;:[]},&quot;slides_to_show_tablet&quot;:&quot;2&quot;,&quot;slides_to_show_mobile&quot;:&quot;1&quot;,&quot;autoplay&quot;:&quot;yes&quot;,&quot;autoplay_speed&quot;:5000,&quot;pause_on_hover&quot;:&quot;yes&quot;,&quot;pause_on_interaction&quot;:&quot;yes&quot;,&quot;infinite&quot;:&quot;yes&quot;,&quot;speed&quot;:500,&quot;offset_sides&quot;:&quot;none&quot;,&quot;arrows&quot;:&quot;yes&quot;,&quot;pagination&quot;:&quot;bullets&quot;,&quot;image_spacing_custom_tablet&quot;:{&quot;unit&quot;:&quot;px&quot;,&quot;size&quot;:&quot;&quot;,&quot;sizes&quot;:[]},&quot;image_spacing_custom_mobile&quot;:{&quot;unit&quot;:&quot;px&quot;,&quot;size&quot;:&quot;&quot;,&quot;sizes&quot;:[]}}\" data-widget_type=\"nested-carousel.default\">\n\t\t\t\t\t\t\t<div class=\"e-n-carousel swiper\" role=\"region\" aria-roledescription=\"carousel\" aria-label=\"Carousel\" dir=\"ltr\">\n\t\t\t<div class=\"swiper-wrapper\" aria-live=\"off\">\n\t\t\t\t\t\t\t\t\t\t<div class=\"swiper-slide\" data-slide=\"1\" role=\"group\" aria-roledescription=\"slide\" aria-label=\"1 of 4\">\n\t\t\t\t\t\t\t<div class=\"elementor-element elementor-element-444707a e-flex e-con-boxed e-con e-child\" data-id=\"444707a\" data-element_type=\"container\" data-e-type=\"container\" data-settings=\"{&quot;background_background&quot;:&quot;slideshow&quot;,&quot;background_slideshow_gallery&quot;:[{&quot;id&quot;:136,&quot;url&quot;:&quot;https:\\\/\\\/limoncereza.com\\\/zaralarsson\\\/wp-content\\\/uploads\\\/2026\\\/02\\\/Sin-titulo-1_0002_Capa-2.png&quot;}],&quot;background_slideshow_slide_duration&quot;:5000,&quot;background_slideshow_slide_transition&quot;:&quot;fade&quot;,&quot;background_slideshow_transition_duration&quot;:500}\">\n\t\t\t\t\t<div class=\"e-con-inner\">\n\t\t\t\t\t<\/div>\n\t\t\t\t<\/div>\n\t\t\t\t\t\t\t\t<\/div>\n\t\t\t\t\t\t\t\t\t\t\t<div class=\"swiper-slide\" data-slide=\"2\" role=\"group\" aria-roledescription=\"slide\" aria-label=\"2 of 4\">\n\t\t\t\t\t\t\t<div class=\"elementor-element elementor-element-729792d e-flex e-con-boxed e-con e-child\" data-id=\"729792d\" data-element_type=\"container\" data-e-type=\"container\" data-settings=\"{&quot;background_background&quot;:&quot;slideshow&quot;,&quot;background_slideshow_gallery&quot;:[{&quot;id&quot;:135,&quot;url&quot;:&quot;https:\\\/\\\/limoncereza.com\\\/zaralarsson\\\/wp-content\\\/uploads\\\/2026\\\/02\\\/Sin-titulo-1_0003_Capa-1.png&quot;}],&quot;background_slideshow_loop&quot;:&quot;yes&quot;,&quot;background_slideshow_slide_duration&quot;:5000,&quot;background_slideshow_slide_transition&quot;:&quot;fade&quot;,&quot;background_slideshow_transition_duration&quot;:500}\">\n\t\t\t\t\t<div class=\"e-con-inner\">\n\t\t\t\t\t<\/div>\n\t\t\t\t<\/div>\n\t\t\t\t\t\t\t\t<\/div>\n\t\t\t\t\t\t\t\t\t\t\t<div class=\"swiper-slide\" data-slide=\"3\" role=\"group\" aria-roledescription=\"slide\" aria-label=\"3 of 4\">\n\t\t\t\t\t\t\t<div class=\"elementor-element elementor-element-3aedd43 e-flex e-con-boxed e-con e-child\" data-id=\"3aedd43\" data-element_type=\"container\" data-e-type=\"container\" data-settings=\"{&quot;background_background&quot;:&quot;slideshow&quot;,&quot;background_slideshow_gallery&quot;:[{&quot;id&quot;:134,&quot;url&quot;:&quot;https:\\\/\\\/limoncereza.com\\\/zaralarsson\\\/wp-content\\\/uploads\\\/2026\\\/02\\\/Sin-titulo-1_0001_Capa-3.png&quot;}],&quot;background_slideshow_loop&quot;:&quot;yes&quot;,&quot;background_slideshow_slide_duration&quot;:5000,&quot;background_slideshow_slide_transition&quot;:&quot;fade&quot;,&quot;background_slideshow_transition_duration&quot;:500}\">\n\t\t\t\t\t<div class=\"e-con-inner\">\n\t\t\t\t\t<\/div>\n\t\t\t\t<\/div>\n\t\t\t\t\t\t\t\t<\/div>\n\t\t\t\t\t\t\t\t\t\t\t<div class=\"swiper-slide\" data-slide=\"4\" role=\"group\" aria-roledescription=\"slide\" aria-label=\"4 of 4\">\n\t\t\t\t\t\t\t<div class=\"elementor-element elementor-element-b7d5646 e-flex e-con-boxed e-con e-child\" data-id=\"b7d5646\" data-element_type=\"container\" data-e-type=\"container\" data-settings=\"{&quot;background_background&quot;:&quot;slideshow&quot;,&quot;background_slideshow_gallery&quot;:[{&quot;id&quot;:137,&quot;url&quot;:&quot;https:\\\/\\\/limoncereza.com\\\/zaralarsson\\\/wp-content\\\/uploads\\\/2026\\\/02\\\/Sin-titulo-1_0000_Capa-4.png&quot;}],&quot;background_slideshow_loop&quot;:&quot;yes&quot;,&quot;background_slideshow_slide_duration&quot;:5000,&quot;background_slideshow_slide_transition&quot;:&quot;fade&quot;,&quot;background_slideshow_transition_duration&quot;:500}\">\n\t\t\t\t\t<div class=\"e-con-inner\">\n\t\t\t\t\t<\/div>\n\t\t\t\t<\/div>\n\t\t\t\t\t\t\t\t<\/div>\n\t\t\t\t\t\t\t\t<\/div>\n\t\t<\/div>\n\t\t\t\t\t<div class=\"elementor-swiper-button elementor-swiper-button-prev\" role=\"button\" tabindex=\"0\" aria-label=\"Previous\">\n\t\t\t\t<svg aria-hidden=\"true\" class=\"e-font-icon-svg e-eicon-chevron-left\" viewBox=\"0 0 1000 1000\" xmlns=\"http:\/\/www.w3.org\/2000\/svg\"><path d=\"M646 125C629 125 613 133 604 142L308 442C296 454 292 471 292 487 292 504 296 521 308 533L604 854C617 867 629 875 646 875 663 875 679 871 692 858 704 846 713 829 713 812 713 796 708 779 692 767L438 487 692 225C700 217 708 204 708 187 708 171 704 154 692 142 675 129 663 125 646 125Z\"><\/path><\/svg>\t\t\t<\/div>\n\t\t\t<div class=\"elementor-swiper-button elementor-swiper-button-next\" role=\"button\" tabindex=\"0\" aria-label=\"Next\">\n\t\t\t\t<svg aria-hidden=\"true\" class=\"e-font-icon-svg e-eicon-chevron-right\" viewBox=\"0 0 1000 1000\" xmlns=\"http:\/\/www.w3.org\/2000\/svg\"><path d=\"M696 533C708 521 713 504 713 487 713 471 708 454 696 446L400 146C388 133 375 125 354 125 338 125 325 129 313 142 300 154 292 171 292 187 292 204 296 221 308 233L563 492 304 771C292 783 288 800 288 817 288 833 296 850 308 863 321 871 338 875 354 875 371 875 388 867 400 854L696 533Z\"><\/path><\/svg>\t\t\t<\/div>\n\t\t\t\t\t<div class=\"swiper-pagination\"><\/div>\n\t\t\t\t\t\t<\/div>\n\t\t\t\t\t<\/div>\n\t\t\t\t<\/div>\n\t\t<div class=\"elementor-element elementor-element-36bbf0e e-con-full e-flex e-con e-parent\" data-id=\"36bbf0e\" data-element_type=\"container\" data-e-type=\"container\">\n\t\t\t\t<div class=\"elementor-element elementor-element-28d2e6f elementor-widget__width-inherit elementor-widget elementor-widget-image\" data-id=\"28d2e6f\" data-element_type=\"widget\" data-e-type=\"widget\" data-widget_type=\"image.default\">\n\t\t\t\t\t\t\t\t\t\t\t\t\t\t\t<img decoding=\"async\" width=\"1024\" height=\"576\" src=\"https:\/\/limoncereza.com\/zaralarsson\/wp-content\/uploads\/2026\/02\/SECC_4-1024x576.png\" class=\"attachment-large size-large wp-image-45\" alt=\"\" srcset=\"https:\/\/limoncereza.com\/zaralarsson\/wp-content\/uploads\/2026\/02\/SECC_4-1024x576.png 1024w, https:\/\/limoncereza.com\/zaralarsson\/wp-content\/uploads\/2026\/02\/SECC_4-300x169.png 300w, https:\/\/limoncereza.com\/zaralarsson\/wp-content\/uploads\/2026\/02\/SECC_4-768x432.png 768w, https:\/\/limoncereza.com\/zaralarsson\/wp-content\/uploads\/2026\/02\/SECC_4-1536x864.png 1536w, https:\/\/limoncereza.com\/zaralarsson\/wp-content\/uploads\/2026\/02\/SECC_4.png 1920w\" sizes=\"(max-width: 1024px) 100vw, 1024px\" \/>\t\t\t\t\t\t\t\t\t\t\t\t\t\t\t<\/div>\n\t\t\t\t<\/div>\n\t\t<div class=\"elementor-element elementor-element-fcf536b e-flex e-con-boxed e-con e-parent\" data-id=\"fcf536b\" data-element_type=\"container\" data-e-type=\"container\" data-settings=\"{&quot;background_background&quot;:&quot;slideshow&quot;,&quot;background_slideshow_gallery&quot;:[{&quot;id&quot;:143,&quot;url&quot;:&quot;https:\\\/\\\/limoncereza.com\\\/zaralarsson\\\/wp-content\\\/uploads\\\/2026\\\/02\\\/SECCION-4_0004_Tickets-copia-2.png&quot;}],&quot;background_slideshow_loop&quot;:&quot;yes&quot;,&quot;background_slideshow_slide_duration&quot;:5000,&quot;background_slideshow_slide_transition&quot;:&quot;fade&quot;,&quot;background_slideshow_transition_duration&quot;:500}\">\n\t\t\t\t\t<div class=\"e-con-inner\">\n\t\t<div class=\"elementor-element elementor-element-0b7aa3d e-grid e-con-boxed e-con e-child\" data-id=\"0b7aa3d\" data-element_type=\"container\" data-e-type=\"container\">\n\t\t\t\t\t<div class=\"e-con-inner\">\n\t\t\t\t<div class=\"elementor-element elementor-element-f40a25e elementor-widget elementor-widget-image\" data-id=\"f40a25e\" data-element_type=\"widget\" data-e-type=\"widget\" data-widget_type=\"image.default\">\n\t\t\t\t\t\t\t\t\t\t\t\t\t\t\t<img decoding=\"async\" width=\"249\" height=\"867\" src=\"https:\/\/limoncereza.com\/zaralarsson\/wp-content\/uploads\/2026\/02\/SECCION-4_0003_Tickets-.png\" class=\"attachment-large size-large wp-image-151\" alt=\"\" srcset=\"https:\/\/limoncereza.com\/zaralarsson\/wp-content\/uploads\/2026\/02\/SECCION-4_0003_Tickets-.png 249w, https:\/\/limoncereza.com\/zaralarsson\/wp-content\/uploads\/2026\/02\/SECCION-4_0003_Tickets--86x300.png 86w\" sizes=\"(max-width: 249px) 100vw, 249px\" \/>\t\t\t\t\t\t\t\t\t\t\t\t\t\t\t<\/div>\n\t\t\t\t<div class=\"elementor-element elementor-element-942c765 elementor-widget elementor-widget-image\" data-id=\"942c765\" data-element_type=\"widget\" data-e-type=\"widget\" data-widget_type=\"image.default\">\n\t\t\t\t\t\t\t\t\t\t\t\t\t\t\t<img loading=\"lazy\" decoding=\"async\" width=\"249\" height=\"867\" src=\"https:\/\/limoncereza.com\/zaralarsson\/wp-content\/uploads\/2026\/02\/SECCION-4_0002_Tickets-copia.png\" class=\"attachment-large size-large wp-image-152\" alt=\"\" srcset=\"https:\/\/limoncereza.com\/zaralarsson\/wp-content\/uploads\/2026\/02\/SECCION-4_0002_Tickets-copia.png 249w, https:\/\/limoncereza.com\/zaralarsson\/wp-content\/uploads\/2026\/02\/SECCION-4_0002_Tickets-copia-86x300.png 86w\" sizes=\"(max-width: 249px) 100vw, 249px\" \/>\t\t\t\t\t\t\t\t\t\t\t\t\t\t\t<\/div>\n\t\t\t\t<div class=\"elementor-element elementor-element-f483036 elementor-widget elementor-widget-image\" data-id=\"f483036\" data-element_type=\"widget\" data-e-type=\"widget\" data-widget_type=\"image.default\">\n\t\t\t\t\t\t\t\t\t\t\t\t\t\t\t<img loading=\"lazy\" decoding=\"async\" width=\"249\" height=\"867\" src=\"https:\/\/limoncereza.com\/zaralarsson\/wp-content\/uploads\/2026\/02\/SECCION-4_0001_Tickets-copia-4.png\" class=\"attachment-large size-large wp-image-153\" alt=\"\" srcset=\"https:\/\/limoncereza.com\/zaralarsson\/wp-content\/uploads\/2026\/02\/SECCION-4_0001_Tickets-copia-4.png 249w, https:\/\/limoncereza.com\/zaralarsson\/wp-content\/uploads\/2026\/02\/SECCION-4_0001_Tickets-copia-4-86x300.png 86w\" sizes=\"(max-width: 249px) 100vw, 249px\" \/>\t\t\t\t\t\t\t\t\t\t\t\t\t\t\t<\/div>\n\t\t\t\t<div class=\"elementor-element elementor-element-4c5033a elementor-widget elementor-widget-image\" data-id=\"4c5033a\" data-element_type=\"widget\" data-e-type=\"widget\" data-widget_type=\"image.default\">\n\t\t\t\t\t\t\t\t\t\t\t\t\t\t\t<img loading=\"lazy\" decoding=\"async\" width=\"249\" height=\"867\" src=\"https:\/\/limoncereza.com\/zaralarsson\/wp-content\/uploads\/2026\/02\/SECCION-4_0000_dates-copia.png\" class=\"attachment-large size-large wp-image-154\" alt=\"\" srcset=\"https:\/\/limoncereza.com\/zaralarsson\/wp-content\/uploads\/2026\/02\/SECCION-4_0000_dates-copia.png 249w, https:\/\/limoncereza.com\/zaralarsson\/wp-content\/uploads\/2026\/02\/SECCION-4_0000_dates-copia-86x300.png 86w\" sizes=\"(max-width: 249px) 100vw, 249px\" \/>\t\t\t\t\t\t\t\t\t\t\t\t\t\t\t<\/div>\n\t\t\t\t\t<\/div>\n\t\t\t\t<\/div>\n\t\t\t\t\t<\/div>\n\t\t\t\t<\/div>\n\t\t<div class=\"elementor-element elementor-element-cfd3f9a e-flex e-con-boxed e-con e-parent\" data-id=\"cfd3f9a\" data-element_type=\"container\" data-e-type=\"container\" data-settings=\"{&quot;background_background&quot;:&quot;slideshow&quot;,&quot;background_slideshow_gallery&quot;:[{&quot;id&quot;:53,&quot;url&quot;:&quot;https:\\\/\\\/limoncereza.com\\\/zaralarsson\\\/wp-content\\\/uploads\\\/2026\\\/02\\\/MENU_0005_menu.png&quot;}],&quot;background_slideshow_loop&quot;:&quot;yes&quot;,&quot;background_slideshow_slide_duration&quot;:5000,&quot;background_slideshow_slide_transition&quot;:&quot;fade&quot;,&quot;background_slideshow_transition_duration&quot;:500}\">\n\t\t\t\t\t<div class=\"e-con-inner\">\n\t\t\t\t<div class=\"elementor-element elementor-element-7ba0068 elementor-widget elementor-widget-heading\" data-id=\"7ba0068\" data-element_type=\"widget\" data-e-type=\"widget\" data-widget_type=\"heading.default\">\n\t\t\t\t\t<h2 class=\"elementor-heading-title elementor-size-default\">Zara Larsson 2026<\/h2>\t\t\t\t<\/div>\n\t\t\t\t\t<\/div>\n\t\t\t\t<\/div>\n\t\t\t\t<\/div>\n\t\t","protected":false},"excerpt":{"rendered":"<p>https:\/\/limoncereza.com\/zaralarsson\/wp-content\/uploads\/2026\/02\/SECCION-1_2.mp4 Zara Larsson es una estrella del pop sueco que fusiona una t\u00e9cnica vocal impecable con una presencia esc\u00e9nica arrolladora y empoderada. En su era Midnight Sun, abandona el pop convencional para adoptar una est\u00e9tica madura, et\u00e9rea y celestial, inspirada en la luz infinita del verano n\u00f3rdico. Zara Larsson 2026<\/p>\n","protected":false},"author":1,"featured_media":0,"parent":0,"menu_order":0,"comment_status":"closed","ping_status":"closed","template":"elementor_canvas","meta":{"footnotes":""},"class_list":["post-10","page","type-page","status-publish","hentry"],"_links":{"self":[{"href":"https:\/\/limoncereza.com\/zaralarsson\/wp-json\/wp\/v2\/pages\/10","targetHints":{"allow":["GET"]}}],"collection":[{"href":"https:\/\/limoncereza.com\/zaralarsson\/wp-json\/wp\/v2\/pages"}],"about":[{"href":"https:\/\/limoncereza.com\/zaralarsson\/wp-json\/wp\/v2\/types\/page"}],"author":[{"embeddable":true,"href":"https:\/\/limoncereza.com\/zaralarsson\/wp-json\/wp\/v2\/users\/1"}],"replies":[{"embeddable":true,"href":"https:\/\/limoncereza.com\/zaralarsson\/wp-json\/wp\/v2\/comments?post=10"}],"version-history":[{"count":100,"href":"https:\/\/limoncereza.com\/zaralarsson\/wp-json\/wp\/v2\/pages\/10\/revisions"}],"predecessor-version":[{"id":167,"href":"https:\/\/limoncereza.com\/zaralarsson\/wp-json\/wp\/v2\/pages\/10\/revisions\/167"}],"wp:attachment":[{"href":"https:\/\/limoncereza.com\/zaralarsson\/wp-json\/wp\/v2\/media?parent=10"}],"curies":[{"name":"wp","href":"https:\/\/api.w.org\/{rel}","templated":true}]}}