{"id":199,"date":"2026-03-05T16:20:51","date_gmt":"2026-03-05T16:20:51","guid":{"rendered":"https:\/\/limoncereza.com\/pruebas-regina\/?page_id=199"},"modified":"2026-03-05T17:43:17","modified_gmt":"2026-03-05T17:43:17","slug":"udl","status":"publish","type":"page","link":"https:\/\/limoncereza.com\/pruebas-regina\/udl\/","title":{"rendered":"UDL"},"content":{"rendered":"\t\t<div data-elementor-type=\"wp-page\" data-elementor-id=\"199\" class=\"elementor elementor-199\" data-elementor-post-type=\"page\">\n\t\t\t\t<div class=\"elementor-element elementor-element-33617ba e-flex e-con-boxed e-con e-parent\" data-id=\"33617ba\" data-element_type=\"container\" data-e-type=\"container\" data-settings=\"{&quot;background_background&quot;:&quot;classic&quot;}\">\n\t\t\t\t\t<div class=\"e-con-inner\">\n\t\t<div class=\"elementor-element elementor-element-6954568 e-con-full e-flex e-con e-child\" data-id=\"6954568\" data-element_type=\"container\" data-e-type=\"container\">\n\t\t\t\t<div class=\"elementor-element elementor-element-d9234bf elementor-widget elementor-widget-image\" data-id=\"d9234bf\" data-element_type=\"widget\" data-e-type=\"widget\" data-widget_type=\"image.default\">\n\t\t\t\t\t\t\t\t\t\t\t\t\t\t\t<img fetchpriority=\"high\" decoding=\"async\" width=\"965\" height=\"343\" src=\"https:\/\/limoncereza.com\/pruebas-regina\/wp-content\/uploads\/2026\/03\/Logo-UDL-blanco.png\" class=\"attachment-large size-large wp-image-215\" alt=\"\" srcset=\"https:\/\/limoncereza.com\/pruebas-regina\/wp-content\/uploads\/2026\/03\/Logo-UDL-blanco.png 965w, https:\/\/limoncereza.com\/pruebas-regina\/wp-content\/uploads\/2026\/03\/Logo-UDL-blanco-300x107.png 300w, https:\/\/limoncereza.com\/pruebas-regina\/wp-content\/uploads\/2026\/03\/Logo-UDL-blanco-768x273.png 768w\" sizes=\"(max-width: 965px) 100vw, 965px\" \/>\t\t\t\t\t\t\t\t\t\t\t\t\t\t\t<\/div>\n\t\t\t\t<\/div>\n\t\t\t\t<div class=\"elementor-element elementor-element-b5054ea e-full_width e-n-menu-layout-horizontal e-n-menu-tablet elementor-widget elementor-widget-n-menu\" data-id=\"b5054ea\" data-element_type=\"widget\" data-e-type=\"widget\" data-settings=\"{&quot;menu_items&quot;:[{&quot;item_title&quot;:&quot;Con\\u00f3cenos&quot;,&quot;_id&quot;:&quot;36d8598&quot;,&quot;item_dropdown_content&quot;:&quot;yes&quot;,&quot;item_link&quot;:{&quot;url&quot;:&quot;&quot;,&quot;is_external&quot;:&quot;&quot;,&quot;nofollow&quot;:&quot;&quot;,&quot;custom_attributes&quot;:&quot;&quot;},&quot;item_icon&quot;:{&quot;value&quot;:&quot;&quot;,&quot;library&quot;:&quot;&quot;},&quot;item_icon_active&quot;:null,&quot;element_id&quot;:&quot;&quot;},{&quot;item_title&quot;:&quot;Licenciaturas&quot;,&quot;_id&quot;:&quot;a03abce&quot;,&quot;item_dropdown_content&quot;:&quot;yes&quot;,&quot;item_link&quot;:{&quot;url&quot;:&quot;&quot;,&quot;is_external&quot;:&quot;&quot;,&quot;nofollow&quot;:&quot;&quot;,&quot;custom_attributes&quot;:&quot;&quot;},&quot;item_icon&quot;:{&quot;value&quot;:&quot;&quot;,&quot;library&quot;:&quot;&quot;},&quot;item_icon_active&quot;:null,&quot;element_id&quot;:&quot;&quot;}],&quot;item_position_horizontal&quot;:&quot;end&quot;,&quot;content_width&quot;:&quot;full_width&quot;,&quot;item_layout&quot;:&quot;horizontal&quot;,&quot;open_on&quot;:&quot;hover&quot;,&quot;horizontal_scroll&quot;:&quot;disable&quot;,&quot;breakpoint_selector&quot;:&quot;tablet&quot;,&quot;menu_item_title_distance_from_content&quot;:{&quot;unit&quot;:&quot;px&quot;,&quot;size&quot;:0,&quot;sizes&quot;:[]},&quot;menu_item_title_distance_from_content_tablet&quot;:{&quot;unit&quot;:&quot;px&quot;,&quot;size&quot;:&quot;&quot;,&quot;sizes&quot;:[]},&quot;menu_item_title_distance_from_content_mobile&quot;:{&quot;unit&quot;:&quot;px&quot;,&quot;size&quot;:&quot;&quot;,&quot;sizes&quot;:[]}}\" data-widget_type=\"mega-menu.default\">\n\t\t\t\t\t\t\t<nav class=\"e-n-menu\" data-widget-number=\"189\" aria-label=\"Menu\">\n\t\t\t\t\t<button class=\"e-n-menu-toggle\" id=\"menu-toggle-189\" aria-haspopup=\"true\" aria-expanded=\"false\" aria-controls=\"menubar-189\" aria-label=\"Menu Toggle\">\n\t\t\t<span class=\"e-n-menu-toggle-icon e-open\">\n\t\t\t\t<svg class=\"e-font-icon-svg e-eicon-menu-bar\" viewBox=\"0 0 1000 1000\" xmlns=\"http:\/\/www.w3.org\/2000\/svg\"><path d=\"M104 333H896C929 333 958 304 958 271S929 208 896 208H104C71 208 42 237 42 271S71 333 104 333ZM104 583H896C929 583 958 554 958 521S929 458 896 458H104C71 458 42 487 42 521S71 583 104 583ZM104 833H896C929 833 958 804 958 771S929 708 896 708H104C71 708 42 737 42 771S71 833 104 833Z\"><\/path><\/svg>\t\t\t<\/span>\n\t\t\t<span class=\"e-n-menu-toggle-icon e-close\">\n\t\t\t\t<svg class=\"e-font-icon-svg e-eicon-close\" viewBox=\"0 0 1000 1000\" xmlns=\"http:\/\/www.w3.org\/2000\/svg\"><path d=\"M742 167L500 408 258 167C246 154 233 150 217 150 196 150 179 158 167 167 154 179 150 196 150 212 150 229 154 242 171 254L408 500 167 742C138 771 138 800 167 829 196 858 225 858 254 829L496 587 738 829C750 842 767 846 783 846 800 846 817 842 829 829 842 817 846 804 846 783 846 767 842 750 829 737L588 500 833 258C863 229 863 200 833 171 804 137 775 137 742 167Z\"><\/path><\/svg>\t\t\t<\/span>\n\t\t<\/button>\n\t\t\t\t\t<div class=\"e-n-menu-wrapper\" id=\"menubar-189\" aria-labelledby=\"menu-toggle-189\">\n\t\t\t\t<ul class=\"e-n-menu-heading\">\n\t\t\t\t\t\t\t\t<li class=\"e-n-menu-item\">\n\t\t\t\t<div id=\"e-n-menu-title-1891\" class=\"e-n-menu-title\">\n\t\t\t\t\t<div class=\"e-n-menu-title-container\">\t\t\t\t\t\t\t\t\t\t\t\t<span class=\"e-n-menu-title-text\">\n\t\t\t\t\t\t\tCon\u00f3cenos\t\t\t\t\t\t<\/span>\n\t\t\t\t\t<\/div>\t\t\t\t\t\t\t\t\t\t\t<button id=\"e-n-menu-dropdown-icon-1891\" class=\"e-n-menu-dropdown-icon e-focus\" data-tab-index=\"1\" aria-haspopup=\"true\" aria-expanded=\"false\" aria-controls=\"e-n-menu-content-1891\" >\n\t\t\t\t\t\t\t<span class=\"e-n-menu-dropdown-icon-opened\">\n\t\t\t\t\t\t\t\t<svg aria-hidden=\"true\" class=\"e-font-icon-svg e-fas-caret-up\" viewBox=\"0 0 320 512\" xmlns=\"http:\/\/www.w3.org\/2000\/svg\"><path d=\"M288.662 352H31.338c-17.818 0-26.741-21.543-14.142-34.142l128.662-128.662c7.81-7.81 20.474-7.81 28.284 0l128.662 128.662c12.6 12.599 3.676 34.142-14.142 34.142z\"><\/path><\/svg>\t\t\t\t\t\t\t\t<span class=\"elementor-screen-only\">Close Con\u00f3cenos<\/span>\n\t\t\t\t\t\t\t<\/span>\n\t\t\t\t\t\t\t<span class=\"e-n-menu-dropdown-icon-closed\">\n\t\t\t\t\t\t\t\t<svg aria-hidden=\"true\" class=\"e-font-icon-svg e-fas-caret-down\" viewBox=\"0 0 320 512\" xmlns=\"http:\/\/www.w3.org\/2000\/svg\"><path d=\"M31.3 192h257.3c17.8 0 26.7 21.5 14.1 34.1L174.1 354.8c-7.8 7.8-20.5 7.8-28.3 0L17.2 226.1C4.6 213.5 13.5 192 31.3 192z\"><\/path><\/svg>\t\t\t\t\t\t\t\t<span class=\"elementor-screen-only\">Open Con\u00f3cenos<\/span>\n\t\t\t\t\t\t\t<\/span>\n\t\t\t\t\t\t<\/button>\n\t\t\t\t\t\t\t\t\t<\/div>\n\t\t\t\t\t\t\t\t\t<div class=\"e-n-menu-content\">\n\t\t\t\t\t\t<div id=\"e-n-menu-content-1891\" data-tab-index=\"1\" aria-labelledby=\"e-n-menu-dropdown-icon-1891\" class=\"elementor-element elementor-element-2452e14 e-flex e-con-boxed e-con e-child\" data-id=\"2452e14\" data-element_type=\"container\" data-e-type=\"container\" data-settings=\"{&quot;background_background&quot;:&quot;classic&quot;}\">\n\t\t\t\t\t<div class=\"e-con-inner\">\n\t\t<div class=\"elementor-element elementor-element-a861b97 e-con-full e-flex e-con e-child\" data-id=\"a861b97\" data-element_type=\"container\" data-e-type=\"container\">\n\t\t\t\t<div class=\"elementor-element elementor-element-ad3038a elementor-widget elementor-widget-heading\" data-id=\"ad3038a\" data-element_type=\"widget\" data-e-type=\"widget\" data-widget_type=\"heading.default\">\n\t\t\t\t\t<h2 class=\"elementor-heading-title elementor-size-default\">Saber para servir,&nbsp;<div>servir para<br>progresar.<span style=\"font-size: var(--wp--preset--font-size--x-large);letter-spacing: -0.1px;text-align: var(--text-align)\"><\/span><\/div><\/h2>\t\t\t\t<\/div>\n\t\t\t\t<div class=\"elementor-element elementor-element-c858323 elementor-widget elementor-widget-text-editor\" data-id=\"c858323\" data-element_type=\"widget\" data-e-type=\"widget\" data-widget_type=\"text-editor.default\">\n\t\t\t\t\t\t\t\t\t<p>Para la Universidad de Le\u00f3n es una gran satisfacci\u00f3n poder guiar a sus alumnos, desde el momento que ingresan, ya son parte del selecto grupo de personas a las que admiramos por tener la f\u00e9rrea voluntad y el gran coraje que se requiere para hacer el doblaje esfuerzo de estudiar y trabajar.\u00a0<\/p>\t\t\t\t\t\t\t\t<\/div>\n\t\t<div class=\"elementor-element elementor-element-6bdb2e4 e-con-full e-flex e-con e-child\" data-id=\"6bdb2e4\" data-element_type=\"container\" data-e-type=\"container\">\n\t\t\t\t<div class=\"elementor-element elementor-element-fd43827 elementor-widget elementor-widget-heading\" data-id=\"fd43827\" data-element_type=\"widget\" data-e-type=\"widget\" data-widget_type=\"heading.default\">\n\t\t\t\t\t<h2 class=\"elementor-heading-title elementor-size-default\">HISTORIA<\/h2>\t\t\t\t<\/div>\n\t\t\t\t<div class=\"elementor-element elementor-element-384fbc2 elementor-widget-divider--view-line elementor-widget elementor-widget-divider\" data-id=\"384fbc2\" data-element_type=\"widget\" data-e-type=\"widget\" data-widget_type=\"divider.default\">\n\t\t\t\t\t\t\t<div class=\"elementor-divider\">\n\t\t\t<span class=\"elementor-divider-separator\">\n\t\t\t\t\t\t<\/span>\n\t\t<\/div>\n\t\t\t\t\t\t<\/div>\n\t\t\t\t<div class=\"elementor-element elementor-element-82675fe elementor-widget elementor-widget-heading\" data-id=\"82675fe\" data-element_type=\"widget\" data-e-type=\"widget\" data-widget_type=\"heading.default\">\n\t\t\t\t\t<h2 class=\"elementor-heading-title elementor-size-default\">MISI\u00d3N<\/h2>\t\t\t\t<\/div>\n\t\t\t\t<div class=\"elementor-element elementor-element-e1adecb elementor-widget-divider--view-line elementor-widget elementor-widget-divider\" data-id=\"e1adecb\" data-element_type=\"widget\" data-e-type=\"widget\" data-widget_type=\"divider.default\">\n\t\t\t\t\t\t\t<div class=\"elementor-divider\">\n\t\t\t<span class=\"elementor-divider-separator\">\n\t\t\t\t\t\t<\/span>\n\t\t<\/div>\n\t\t\t\t\t\t<\/div>\n\t\t\t\t<div class=\"elementor-element elementor-element-dc505eb elementor-widget elementor-widget-heading\" data-id=\"dc505eb\" data-element_type=\"widget\" data-e-type=\"widget\" data-widget_type=\"heading.default\">\n\t\t\t\t\t<h2 class=\"elementor-heading-title elementor-size-default\">VISI\u00d3N<\/h2>\t\t\t\t<\/div>\n\t\t\t\t<\/div>\n\t\t\t\t<\/div>\n\t\t\t\t<div class=\"elementor-element elementor-element-9c11cec elementor-widget elementor-widget-image\" data-id=\"9c11cec\" data-element_type=\"widget\" data-e-type=\"widget\" data-widget_type=\"image.default\">\n\t\t\t\t\t\t\t\t\t\t\t\t\t\t\t<img decoding=\"async\" width=\"575\" height=\"388\" src=\"https:\/\/limoncereza.com\/pruebas-regina\/wp-content\/uploads\/2026\/03\/udl-img1-origin.jpg\" class=\"attachment-large size-large wp-image-217\" alt=\"\" srcset=\"https:\/\/limoncereza.com\/pruebas-regina\/wp-content\/uploads\/2026\/03\/udl-img1-origin.jpg 575w, https:\/\/limoncereza.com\/pruebas-regina\/wp-content\/uploads\/2026\/03\/udl-img1-origin-300x202.jpg 300w\" sizes=\"(max-width: 575px) 100vw, 575px\" \/>\t\t\t\t\t\t\t\t\t\t\t\t\t\t\t<\/div>\n\t\t\t\t\t<\/div>\n\t\t\t\t<\/div>\n\t\t\t\t\t\t\t<\/div>\n\t\t\t\t\t\t\t<\/li>\n\t\t\t\t\t<li class=\"e-n-menu-item\">\n\t\t\t\t<div id=\"e-n-menu-title-1892\" class=\"e-n-menu-title\">\n\t\t\t\t\t<div class=\"e-n-menu-title-container\">\t\t\t\t\t\t\t\t\t\t\t\t<span class=\"e-n-menu-title-text\">\n\t\t\t\t\t\t\tLicenciaturas\t\t\t\t\t\t<\/span>\n\t\t\t\t\t<\/div>\t\t\t\t\t\t\t\t\t\t\t<button id=\"e-n-menu-dropdown-icon-1892\" class=\"e-n-menu-dropdown-icon e-focus\" data-tab-index=\"2\" aria-haspopup=\"true\" aria-expanded=\"false\" aria-controls=\"e-n-menu-content-1892\" >\n\t\t\t\t\t\t\t<span class=\"e-n-menu-dropdown-icon-opened\">\n\t\t\t\t\t\t\t\t<svg aria-hidden=\"true\" class=\"e-font-icon-svg e-fas-caret-up\" viewBox=\"0 0 320 512\" xmlns=\"http:\/\/www.w3.org\/2000\/svg\"><path d=\"M288.662 352H31.338c-17.818 0-26.741-21.543-14.142-34.142l128.662-128.662c7.81-7.81 20.474-7.81 28.284 0l128.662 128.662c12.6 12.599 3.676 34.142-14.142 34.142z\"><\/path><\/svg>\t\t\t\t\t\t\t\t<span class=\"elementor-screen-only\">Close Licenciaturas<\/span>\n\t\t\t\t\t\t\t<\/span>\n\t\t\t\t\t\t\t<span class=\"e-n-menu-dropdown-icon-closed\">\n\t\t\t\t\t\t\t\t<svg aria-hidden=\"true\" class=\"e-font-icon-svg e-fas-caret-down\" viewBox=\"0 0 320 512\" xmlns=\"http:\/\/www.w3.org\/2000\/svg\"><path d=\"M31.3 192h257.3c17.8 0 26.7 21.5 14.1 34.1L174.1 354.8c-7.8 7.8-20.5 7.8-28.3 0L17.2 226.1C4.6 213.5 13.5 192 31.3 192z\"><\/path><\/svg>\t\t\t\t\t\t\t\t<span class=\"elementor-screen-only\">Open Licenciaturas<\/span>\n\t\t\t\t\t\t\t<\/span>\n\t\t\t\t\t\t<\/button>\n\t\t\t\t\t\t\t\t\t<\/div>\n\t\t\t\t\t\t\t\t\t<div class=\"e-n-menu-content\">\n\t\t\t\t\t\t<div id=\"e-n-menu-content-1892\" data-tab-index=\"2\" aria-labelledby=\"e-n-menu-dropdown-icon-1892\" class=\"elementor-element elementor-element-2464331 e-con-full e-flex e-con e-child\" data-id=\"2464331\" data-element_type=\"container\" data-e-type=\"container\">\n\t\t<div class=\"elementor-element elementor-element-3114364 e-con-full e-flex e-con e-child\" data-id=\"3114364\" data-element_type=\"container\" data-e-type=\"container\" data-settings=\"{&quot;background_background&quot;:&quot;classic&quot;}\">\n\t\t\t\t<div class=\"elementor-element elementor-element-dbf6b5d elementor-widget elementor-widget-image\" data-id=\"dbf6b5d\" data-element_type=\"widget\" data-e-type=\"widget\" data-widget_type=\"image.default\">\n\t\t\t\t\t\t\t\t\t\t\t\t\t\t\t<img decoding=\"async\" width=\"135\" height=\"135\" src=\"https:\/\/limoncereza.com\/pruebas-regina\/wp-content\/uploads\/2026\/03\/01-arquitectura-icon.png\" class=\"attachment-large size-large wp-image-205\" alt=\"\" \/>\t\t\t\t\t\t\t\t\t\t\t\t\t\t\t<\/div>\n\t\t\t\t<div class=\"elementor-element elementor-element-bfe48c2 elementor-widget elementor-widget-heading\" data-id=\"bfe48c2\" data-element_type=\"widget\" data-e-type=\"widget\" data-widget_type=\"heading.default\">\n\t\t\t\t\t<h2 class=\"elementor-heading-title elementor-size-default\">Arquitectura<\/h2>\t\t\t\t<\/div>\n\t\t\t\t<\/div>\n\t\t<div class=\"elementor-element elementor-element-f81ac50 e-con-full e-flex e-con e-child\" data-id=\"f81ac50\" data-element_type=\"container\" data-e-type=\"container\" data-settings=\"{&quot;background_background&quot;:&quot;classic&quot;}\">\n\t\t\t\t<div class=\"elementor-element elementor-element-371b1ff elementor-widget elementor-widget-image\" data-id=\"371b1ff\" data-element_type=\"widget\" data-e-type=\"widget\" data-widget_type=\"image.default\">\n\t\t\t\t\t\t\t\t\t\t\t\t\t\t\t<img loading=\"lazy\" decoding=\"async\" width=\"135\" height=\"135\" src=\"https:\/\/limoncereza.com\/pruebas-regina\/wp-content\/uploads\/2026\/03\/02-contaduria-icon.png\" class=\"attachment-large size-large wp-image-207\" alt=\"\" \/>\t\t\t\t\t\t\t\t\t\t\t\t\t\t\t<\/div>\n\t\t\t\t<div class=\"elementor-element elementor-element-bdaaa95 elementor-widget elementor-widget-heading\" data-id=\"bdaaa95\" data-element_type=\"widget\" data-e-type=\"widget\" data-widget_type=\"heading.default\">\n\t\t\t\t\t<h2 class=\"elementor-heading-title elementor-size-default\">Contadur\u00eda<\/h2>\t\t\t\t<\/div>\n\t\t\t\t<\/div>\n\t\t<div class=\"elementor-element elementor-element-f50d197 e-con-full e-flex e-con e-child\" data-id=\"f50d197\" data-element_type=\"container\" data-e-type=\"container\" data-settings=\"{&quot;background_background&quot;:&quot;classic&quot;}\">\n\t\t\t\t<div class=\"elementor-element elementor-element-a2321f6 elementor-widget elementor-widget-image\" data-id=\"a2321f6\" data-element_type=\"widget\" data-e-type=\"widget\" data-widget_type=\"image.default\">\n\t\t\t\t\t\t\t\t\t\t\t\t\t\t\t<img loading=\"lazy\" decoding=\"async\" width=\"135\" height=\"135\" src=\"https:\/\/limoncereza.com\/pruebas-regina\/wp-content\/uploads\/2026\/03\/03-diseno-icon.png\" class=\"attachment-large size-large wp-image-209\" alt=\"\" \/>\t\t\t\t\t\t\t\t\t\t\t\t\t\t\t<\/div>\n\t\t\t\t<div class=\"elementor-element elementor-element-6c66746 elementor-widget elementor-widget-heading\" data-id=\"6c66746\" data-element_type=\"widget\" data-e-type=\"widget\" data-widget_type=\"heading.default\">\n\t\t\t\t\t<h2 class=\"elementor-heading-title elementor-size-default\">Dise\u00f1o Gr\u00e1fico<\/h2>\t\t\t\t<\/div>\n\t\t\t\t<\/div>\n\t\t<div class=\"elementor-element elementor-element-27ec36d e-con-full e-flex e-con e-child\" data-id=\"27ec36d\" data-element_type=\"container\" data-e-type=\"container\" data-settings=\"{&quot;background_background&quot;:&quot;classic&quot;}\">\n\t\t\t\t<div class=\"elementor-element elementor-element-1a0feb6 elementor-widget elementor-widget-image\" data-id=\"1a0feb6\" data-element_type=\"widget\" data-e-type=\"widget\" data-widget_type=\"image.default\">\n\t\t\t\t\t\t\t\t\t\t\t\t\t\t\t<img loading=\"lazy\" decoding=\"async\" width=\"135\" height=\"135\" src=\"https:\/\/limoncereza.com\/pruebas-regina\/wp-content\/uploads\/2026\/03\/04-mkt-icon.png\" class=\"attachment-large size-large wp-image-211\" alt=\"\" \/>\t\t\t\t\t\t\t\t\t\t\t\t\t\t\t<\/div>\n\t\t\t\t<div class=\"elementor-element elementor-element-3906ad9 elementor-widget elementor-widget-heading\" data-id=\"3906ad9\" data-element_type=\"widget\" data-e-type=\"widget\" data-widget_type=\"heading.default\">\n\t\t\t\t\t<h2 class=\"elementor-heading-title elementor-size-default\">Mercadotecnia<\/h2>\t\t\t\t<\/div>\n\t\t\t\t<\/div>\n\t\t<div class=\"elementor-element elementor-element-8b04597 e-con-full e-flex e-con e-child\" data-id=\"8b04597\" data-element_type=\"container\" data-e-type=\"container\" data-settings=\"{&quot;background_background&quot;:&quot;classic&quot;}\">\n\t\t\t\t<div class=\"elementor-element elementor-element-40d2b13 elementor-widget elementor-widget-image\" data-id=\"40d2b13\" data-element_type=\"widget\" data-e-type=\"widget\" data-widget_type=\"image.default\">\n\t\t\t\t\t\t\t\t\t\t\t\t\t\t\t<img loading=\"lazy\" decoding=\"async\" width=\"135\" height=\"135\" src=\"https:\/\/limoncereza.com\/pruebas-regina\/wp-content\/uploads\/2026\/03\/05-finanzas-icon.png\" class=\"attachment-large size-large wp-image-213\" alt=\"\" \/>\t\t\t\t\t\t\t\t\t\t\t\t\t\t\t<\/div>\n\t\t\t\t<div class=\"elementor-element elementor-element-7c9ffc5 elementor-widget elementor-widget-heading\" data-id=\"7c9ffc5\" data-element_type=\"widget\" data-e-type=\"widget\" data-widget_type=\"heading.default\">\n\t\t\t\t\t<h2 class=\"elementor-heading-title elementor-size-default\">Arquitectura<\/h2>\t\t\t\t<\/div>\n\t\t\t\t<\/div>\n\t\t\t\t<\/div>\n\t\t\t\t\t\t\t<\/div>\n\t\t\t\t\t\t\t<\/li>\n\t\t\t\t\t\t<\/ul>\n\t\t\t<\/div>\n\t\t<\/nav>\n\t\t\t\t\t\t<\/div>\n\t\t\t\t<div class=\"elementor-element elementor-element-a530049 elementor-widget elementor-widget-button\" data-id=\"a530049\" data-element_type=\"widget\" data-e-type=\"widget\" data-widget_type=\"button.default\">\n\t\t\t\t\t\t\t\t\t\t<a class=\"elementor-button elementor-button-link elementor-size-sm\" href=\"#\">\n\t\t\t\t\t\t<span class=\"elementor-button-content-wrapper\">\n\t\t\t\t\t\t\t\t\t<span class=\"elementor-button-text\">Pagos en L\u00ednea<\/span>\n\t\t\t\t\t<\/span>\n\t\t\t\t\t<\/a>\n\t\t\t\t\t\t\t\t<\/div>\n\t\t\t\t\t<\/div>\n\t\t\t\t<\/div>\n\t\t<div class=\"elementor-element elementor-element-f9b5415 e-con-full e-flex e-con e-parent\" data-id=\"f9b5415\" data-element_type=\"container\" data-e-type=\"container\" data-settings=\"{&quot;background_background&quot;:&quot;classic&quot;}\">\n\t\t\t\t<\/div>\n\t\t\t\t<\/div>\n\t\t","protected":false},"excerpt":{"rendered":"<p>Con\u00f3cenos Close Con\u00f3cenos Open Con\u00f3cenos Saber para servir,&nbsp;servir paraprogresar. Para la Universidad de Le\u00f3n es una gran satisfacci\u00f3n poder guiar a sus alumnos, desde el momento que ingresan, ya son parte del selecto grupo de personas a las que admiramos por tener la f\u00e9rrea voluntad y el gran coraje que se requiere para hacer el [&hellip;]<\/p>\n","protected":false},"author":1,"featured_media":0,"parent":0,"menu_order":0,"comment_status":"closed","ping_status":"closed","template":"elementor_canvas","meta":{"pagelayer_contact_templates":[],"_pagelayer_content":"","footnotes":""},"class_list":["post-199","page","type-page","status-publish","hentry"],"_links":{"self":[{"href":"https:\/\/limoncereza.com\/pruebas-regina\/wp-json\/wp\/v2\/pages\/199","targetHints":{"allow":["GET"]}}],"collection":[{"href":"https:\/\/limoncereza.com\/pruebas-regina\/wp-json\/wp\/v2\/pages"}],"about":[{"href":"https:\/\/limoncereza.com\/pruebas-regina\/wp-json\/wp\/v2\/types\/page"}],"author":[{"embeddable":true,"href":"https:\/\/limoncereza.com\/pruebas-regina\/wp-json\/wp\/v2\/users\/1"}],"replies":[{"embeddable":true,"href":"https:\/\/limoncereza.com\/pruebas-regina\/wp-json\/wp\/v2\/comments?post=199"}],"version-history":[{"count":38,"href":"https:\/\/limoncereza.com\/pruebas-regina\/wp-json\/wp\/v2\/pages\/199\/revisions"}],"predecessor-version":[{"id":255,"href":"https:\/\/limoncereza.com\/pruebas-regina\/wp-json\/wp\/v2\/pages\/199\/revisions\/255"}],"wp:attachment":[{"href":"https:\/\/limoncereza.com\/pruebas-regina\/wp-json\/wp\/v2\/media?parent=199"}],"curies":[{"name":"wp","href":"https:\/\/api.w.org\/{rel}","templated":true}]}}