{"id":860,"date":"2026-03-17T01:23:24","date_gmt":"2026-03-17T01:23:24","guid":{"rendered":"https:\/\/limoncereza.com\/noee9611_\/?page_id=860"},"modified":"2026-03-17T02:40:32","modified_gmt":"2026-03-17T02:40:32","slug":"oakley","status":"publish","type":"page","link":"https:\/\/limoncereza.com\/noee9611_\/oakley\/","title":{"rendered":"Oakley"},"content":{"rendered":"\t\t<div data-elementor-type=\"wp-page\" data-elementor-id=\"860\" class=\"elementor elementor-860\" data-elementor-post-type=\"page\">\n\t\t\t\t<div class=\"elementor-element elementor-element-c5ba5d9 e-con-full principal e-flex e-con e-parent\" data-id=\"c5ba5d9\" data-element_type=\"container\" data-e-type=\"container\" data-settings=\"{&quot;background_background&quot;:&quot;classic&quot;}\">\n\t\t<div class=\"elementor-element elementor-element-ae246e9 e-con-full slide e-flex e-con e-child\" data-id=\"ae246e9\" data-element_type=\"container\" data-e-type=\"container\" data-settings=\"{&quot;background_background&quot;:&quot;classic&quot;}\">\n\t\t\t\t<div class=\"elementor-element elementor-element-f2a65f7 elementor-widget elementor-widget-image\" data-id=\"f2a65f7\" data-element_type=\"widget\" data-e-type=\"widget\" data-widget_type=\"image.default\">\n\t\t\t\t\t\t\t\t\t\t\t\t\t\t\t<img fetchpriority=\"high\" decoding=\"async\" width=\"959\" height=\"1024\" src=\"https:\/\/limoncereza.com\/noee9611_\/wp-content\/uploads\/2026\/03\/Slide-1_2-959x1024.avif\" class=\"attachment-large size-large wp-image-897\" alt=\"\" srcset=\"https:\/\/limoncereza.com\/noee9611_\/wp-content\/uploads\/2026\/03\/Slide-1_2-959x1024.avif 959w, https:\/\/limoncereza.com\/noee9611_\/wp-content\/uploads\/2026\/03\/Slide-1_2-281x300.avif 281w, https:\/\/limoncereza.com\/noee9611_\/wp-content\/uploads\/2026\/03\/Slide-1_2-768x820.avif 768w, https:\/\/limoncereza.com\/noee9611_\/wp-content\/uploads\/2026\/03\/Slide-1_2.avif 1125w\" sizes=\"(max-width: 959px) 100vw, 959px\" \/>\t\t\t\t\t\t\t\t\t\t\t\t\t\t\t<\/div>\n\t\t\t\t<div class=\"elementor-element elementor-element-e2dc4af elementor-widget elementor-widget-image\" data-id=\"e2dc4af\" data-element_type=\"widget\" data-e-type=\"widget\" data-widget_type=\"image.default\">\n\t\t\t\t\t\t\t\t\t\t\t\t\t\t\t<img decoding=\"async\" width=\"819\" height=\"680\" src=\"https:\/\/limoncereza.com\/noee9611_\/wp-content\/uploads\/2026\/03\/Slide-1_1.avif\" class=\"attachment-large size-large wp-image-885\" alt=\"\" srcset=\"https:\/\/limoncereza.com\/noee9611_\/wp-content\/uploads\/2026\/03\/Slide-1_1.avif 819w, https:\/\/limoncereza.com\/noee9611_\/wp-content\/uploads\/2026\/03\/Slide-1_1-300x249.avif 300w, https:\/\/limoncereza.com\/noee9611_\/wp-content\/uploads\/2026\/03\/Slide-1_1-768x638.avif 768w\" sizes=\"(max-width: 819px) 100vw, 819px\" \/>\t\t\t\t\t\t\t\t\t\t\t\t\t\t\t<\/div>\n\t\t\t\t<\/div>\n\t\t<div class=\"elementor-element elementor-element-70adcd6 e-con-full slide e-flex e-con e-child\" data-id=\"70adcd6\" data-element_type=\"container\" data-e-type=\"container\" data-settings=\"{&quot;background_background&quot;:&quot;classic&quot;}\">\n\t\t\t\t<div class=\"elementor-element elementor-element-655473d elementor-widget elementor-widget-image\" data-id=\"655473d\" data-element_type=\"widget\" data-e-type=\"widget\" data-widget_type=\"image.default\">\n\t\t\t\t\t\t\t\t\t\t\t\t\t\t\t<img decoding=\"async\" width=\"615\" height=\"607\" src=\"https:\/\/limoncereza.com\/noee9611_\/wp-content\/uploads\/2026\/03\/Slide-2_2.avif\" class=\"attachment-large size-large wp-image-917\" alt=\"\" srcset=\"https:\/\/limoncereza.com\/noee9611_\/wp-content\/uploads\/2026\/03\/Slide-2_2.avif 615w, https:\/\/limoncereza.com\/noee9611_\/wp-content\/uploads\/2026\/03\/Slide-2_2-300x296.avif 300w\" sizes=\"(max-width: 615px) 100vw, 615px\" \/>\t\t\t\t\t\t\t\t\t\t\t\t\t\t\t<\/div>\n\t\t\t\t<div class=\"elementor-element elementor-element-39aaf31 parallax-fast elementor-widget elementor-widget-image\" data-id=\"39aaf31\" data-element_type=\"widget\" data-e-type=\"widget\" data-widget_type=\"image.default\">\n\t\t\t\t\t\t\t\t\t\t\t\t\t\t\t<img loading=\"lazy\" decoding=\"async\" width=\"568\" height=\"684\" src=\"https:\/\/limoncereza.com\/noee9611_\/wp-content\/uploads\/2026\/03\/Slide-2_1.avif\" class=\"attachment-large size-large wp-image-913\" alt=\"\" srcset=\"https:\/\/limoncereza.com\/noee9611_\/wp-content\/uploads\/2026\/03\/Slide-2_1.avif 568w, https:\/\/limoncereza.com\/noee9611_\/wp-content\/uploads\/2026\/03\/Slide-2_1-249x300.avif 249w\" sizes=\"(max-width: 568px) 100vw, 568px\" \/>\t\t\t\t\t\t\t\t\t\t\t\t\t\t\t<\/div>\n\t\t\t\t<\/div>\n\t\t<div class=\"elementor-element elementor-element-b37d7d6 e-con-full slide e-flex e-con e-child\" data-id=\"b37d7d6\" data-element_type=\"container\" data-e-type=\"container\" data-settings=\"{&quot;background_background&quot;:&quot;classic&quot;}\">\n\t\t\t\t<div class=\"elementor-element elementor-element-1cd01a1 elementor-widget elementor-widget-image\" data-id=\"1cd01a1\" data-element_type=\"widget\" data-e-type=\"widget\" data-widget_type=\"image.default\">\n\t\t\t\t\t\t\t\t\t\t\t\t\t\t\t<img loading=\"lazy\" decoding=\"async\" width=\"621\" height=\"685\" src=\"https:\/\/limoncereza.com\/noee9611_\/wp-content\/uploads\/2026\/03\/Slide-3_2.avif\" class=\"attachment-large size-large wp-image-925\" alt=\"\" srcset=\"https:\/\/limoncereza.com\/noee9611_\/wp-content\/uploads\/2026\/03\/Slide-3_2.avif 621w, https:\/\/limoncereza.com\/noee9611_\/wp-content\/uploads\/2026\/03\/Slide-3_2-272x300.avif 272w\" sizes=\"(max-width: 621px) 100vw, 621px\" \/>\t\t\t\t\t\t\t\t\t\t\t\t\t\t\t<\/div>\n\t\t\t\t<div class=\"elementor-element elementor-element-4e838bb elementor-widget elementor-widget-image\" data-id=\"4e838bb\" data-element_type=\"widget\" data-e-type=\"widget\" data-widget_type=\"image.default\">\n\t\t\t\t\t\t\t\t\t\t\t\t\t\t\t<img loading=\"lazy\" decoding=\"async\" width=\"522\" height=\"688\" src=\"https:\/\/limoncereza.com\/noee9611_\/wp-content\/uploads\/2026\/03\/Slide-3_1.avif\" class=\"attachment-large size-large wp-image-921\" alt=\"\" srcset=\"https:\/\/limoncereza.com\/noee9611_\/wp-content\/uploads\/2026\/03\/Slide-3_1.avif 522w, https:\/\/limoncereza.com\/noee9611_\/wp-content\/uploads\/2026\/03\/Slide-3_1-228x300.avif 228w\" sizes=\"(max-width: 522px) 100vw, 522px\" \/>\t\t\t\t\t\t\t\t\t\t\t\t\t\t\t<\/div>\n\t\t\t\t<\/div>\n\t\t<div class=\"elementor-element elementor-element-b345249 e-con-full slide e-flex e-con e-child\" data-id=\"b345249\" data-element_type=\"container\" data-e-type=\"container\" data-settings=\"{&quot;background_background&quot;:&quot;classic&quot;}\">\n\t\t\t\t<div class=\"elementor-element elementor-element-d6ae649 elementor-widget elementor-widget-image\" data-id=\"d6ae649\" data-element_type=\"widget\" data-e-type=\"widget\" data-widget_type=\"image.default\">\n\t\t\t\t\t\t\t\t\t\t\t\t\t\t\t<img loading=\"lazy\" decoding=\"async\" width=\"455\" height=\"633\" src=\"https:\/\/limoncereza.com\/noee9611_\/wp-content\/uploads\/2026\/03\/Slide-4_2.avif\" class=\"attachment-large size-large wp-image-939\" alt=\"\" srcset=\"https:\/\/limoncereza.com\/noee9611_\/wp-content\/uploads\/2026\/03\/Slide-4_2.avif 455w, https:\/\/limoncereza.com\/noee9611_\/wp-content\/uploads\/2026\/03\/Slide-4_2-216x300.avif 216w\" sizes=\"(max-width: 455px) 100vw, 455px\" \/>\t\t\t\t\t\t\t\t\t\t\t\t\t\t\t<\/div>\n\t\t\t\t<div class=\"elementor-element elementor-element-99f46f9 elementor-widget elementor-widget-image\" data-id=\"99f46f9\" data-element_type=\"widget\" data-e-type=\"widget\" data-widget_type=\"image.default\">\n\t\t\t\t\t\t\t\t\t\t\t\t\t\t\t<img loading=\"lazy\" decoding=\"async\" width=\"226\" height=\"686\" src=\"https:\/\/limoncereza.com\/noee9611_\/wp-content\/uploads\/2026\/03\/Slide-4_1.avif\" class=\"attachment-large size-large wp-image-938\" alt=\"\" srcset=\"https:\/\/limoncereza.com\/noee9611_\/wp-content\/uploads\/2026\/03\/Slide-4_1.avif 226w, https:\/\/limoncereza.com\/noee9611_\/wp-content\/uploads\/2026\/03\/Slide-4_1-99x300.avif 99w\" sizes=\"(max-width: 226px) 100vw, 226px\" \/>\t\t\t\t\t\t\t\t\t\t\t\t\t\t\t<\/div>\n\t\t\t\t<\/div>\n\t\t<div class=\"elementor-element elementor-element-ec98ee8 e-con-full slide e-flex e-con e-child\" data-id=\"ec98ee8\" data-element_type=\"container\" data-e-type=\"container\" data-settings=\"{&quot;background_background&quot;:&quot;classic&quot;}\">\n\t\t\t\t<div class=\"elementor-element elementor-element-5bf0777 elementor-widget elementor-widget-image\" data-id=\"5bf0777\" data-element_type=\"widget\" data-e-type=\"widget\" data-widget_type=\"image.default\">\n\t\t\t\t\t\t\t\t\t\t\t\t\t\t\t<img loading=\"lazy\" decoding=\"async\" width=\"435\" height=\"1024\" src=\"https:\/\/limoncereza.com\/noee9611_\/wp-content\/uploads\/2026\/03\/Slide-5_2-435x1024.avif\" class=\"attachment-large size-large wp-image-944\" alt=\"\" srcset=\"https:\/\/limoncereza.com\/noee9611_\/wp-content\/uploads\/2026\/03\/Slide-5_2-435x1024.avif 435w, https:\/\/limoncereza.com\/noee9611_\/wp-content\/uploads\/2026\/03\/Slide-5_2-127x300.avif 127w, https:\/\/limoncereza.com\/noee9611_\/wp-content\/uploads\/2026\/03\/Slide-5_2.avif 601w\" sizes=\"(max-width: 435px) 100vw, 435px\" \/>\t\t\t\t\t\t\t\t\t\t\t\t\t\t\t<\/div>\n\t\t\t\t<div class=\"elementor-element elementor-element-acd01c4 elementor-widget elementor-widget-image\" data-id=\"acd01c4\" data-element_type=\"widget\" data-e-type=\"widget\" data-widget_type=\"image.default\">\n\t\t\t\t\t\t\t\t\t\t\t\t\t\t\t<img loading=\"lazy\" decoding=\"async\" width=\"800\" height=\"590\" src=\"https:\/\/limoncereza.com\/noee9611_\/wp-content\/uploads\/2026\/03\/Slide-5_1.avif\" class=\"attachment-large size-large wp-image-943\" alt=\"\" srcset=\"https:\/\/limoncereza.com\/noee9611_\/wp-content\/uploads\/2026\/03\/Slide-5_1.avif 800w, https:\/\/limoncereza.com\/noee9611_\/wp-content\/uploads\/2026\/03\/Slide-5_1-300x221.avif 300w, https:\/\/limoncereza.com\/noee9611_\/wp-content\/uploads\/2026\/03\/Slide-5_1-768x566.avif 768w\" sizes=\"(max-width: 800px) 100vw, 800px\" \/>\t\t\t\t\t\t\t\t\t\t\t\t\t\t\t<\/div>\n\t\t\t\t<\/div>\n\t\t<div class=\"elementor-element elementor-element-3fab85b e-con-full slide e-flex e-con e-child\" data-id=\"3fab85b\" data-element_type=\"container\" data-e-type=\"container\" data-settings=\"{&quot;background_background&quot;:&quot;classic&quot;}\">\n\t\t\t\t<div class=\"elementor-element elementor-element-b1ed6f8 elementor-widget elementor-widget-image\" data-id=\"b1ed6f8\" data-element_type=\"widget\" data-e-type=\"widget\" data-widget_type=\"image.default\">\n\t\t\t\t\t\t\t\t\t\t\t\t\t\t\t<img loading=\"lazy\" decoding=\"async\" width=\"356\" height=\"704\" src=\"https:\/\/limoncereza.com\/noee9611_\/wp-content\/uploads\/2026\/03\/Slide-6_2.avif\" class=\"attachment-large size-large wp-image-946\" alt=\"\" srcset=\"https:\/\/limoncereza.com\/noee9611_\/wp-content\/uploads\/2026\/03\/Slide-6_2.avif 356w, https:\/\/limoncereza.com\/noee9611_\/wp-content\/uploads\/2026\/03\/Slide-6_2-152x300.avif 152w\" sizes=\"(max-width: 356px) 100vw, 356px\" \/>\t\t\t\t\t\t\t\t\t\t\t\t\t\t\t<\/div>\n\t\t\t\t<div class=\"elementor-element elementor-element-91d3159 elementor-widget elementor-widget-image\" data-id=\"91d3159\" data-element_type=\"widget\" data-e-type=\"widget\" data-widget_type=\"image.default\">\n\t\t\t\t\t\t\t\t\t\t\t\t\t\t\t<img loading=\"lazy\" decoding=\"async\" width=\"487\" height=\"655\" src=\"https:\/\/limoncereza.com\/noee9611_\/wp-content\/uploads\/2026\/03\/Slide-6_1.avif\" class=\"attachment-large size-large wp-image-945\" alt=\"\" srcset=\"https:\/\/limoncereza.com\/noee9611_\/wp-content\/uploads\/2026\/03\/Slide-6_1.avif 487w, https:\/\/limoncereza.com\/noee9611_\/wp-content\/uploads\/2026\/03\/Slide-6_1-223x300.avif 223w\" sizes=\"(max-width: 487px) 100vw, 487px\" \/>\t\t\t\t\t\t\t\t\t\t\t\t\t\t\t<\/div>\n\t\t\t\t<\/div>\n\t\t<div class=\"elementor-element elementor-element-ccb42e8 e-con-full slide e-flex e-con e-child\" data-id=\"ccb42e8\" data-element_type=\"container\" data-e-type=\"container\" data-settings=\"{&quot;background_background&quot;:&quot;classic&quot;}\">\n\t\t\t\t<div class=\"elementor-element elementor-element-6e09b6e elementor-widget elementor-widget-image\" data-id=\"6e09b6e\" data-element_type=\"widget\" data-e-type=\"widget\" data-widget_type=\"image.default\">\n\t\t\t\t\t\t\t\t\t\t\t\t\t\t\t<img loading=\"lazy\" decoding=\"async\" width=\"328\" height=\"704\" src=\"https:\/\/limoncereza.com\/noee9611_\/wp-content\/uploads\/2026\/03\/Slide-7_2.avif\" class=\"attachment-large size-large wp-image-948\" alt=\"\" srcset=\"https:\/\/limoncereza.com\/noee9611_\/wp-content\/uploads\/2026\/03\/Slide-7_2.avif 328w, https:\/\/limoncereza.com\/noee9611_\/wp-content\/uploads\/2026\/03\/Slide-7_2-140x300.avif 140w\" sizes=\"(max-width: 328px) 100vw, 328px\" \/>\t\t\t\t\t\t\t\t\t\t\t\t\t\t\t<\/div>\n\t\t\t\t<div class=\"elementor-element elementor-element-57ba356 elementor-widget elementor-widget-image\" data-id=\"57ba356\" data-element_type=\"widget\" data-e-type=\"widget\" data-widget_type=\"image.default\">\n\t\t\t\t\t\t\t\t\t\t\t\t\t\t\t<img loading=\"lazy\" decoding=\"async\" width=\"544\" height=\"707\" src=\"https:\/\/limoncereza.com\/noee9611_\/wp-content\/uploads\/2026\/03\/Slide-7_1.avif\" class=\"attachment-large size-large wp-image-947\" alt=\"\" srcset=\"https:\/\/limoncereza.com\/noee9611_\/wp-content\/uploads\/2026\/03\/Slide-7_1.avif 544w, https:\/\/limoncereza.com\/noee9611_\/wp-content\/uploads\/2026\/03\/Slide-7_1-231x300.avif 231w\" sizes=\"(max-width: 544px) 100vw, 544px\" \/>\t\t\t\t\t\t\t\t\t\t\t\t\t\t\t<\/div>\n\t\t\t\t<\/div>\n\t\t<div class=\"elementor-element elementor-element-f1a1452 e-con-full slide e-flex e-con e-child\" data-id=\"f1a1452\" data-element_type=\"container\" data-e-type=\"container\" data-settings=\"{&quot;background_background&quot;:&quot;classic&quot;}\">\n\t\t\t\t<div class=\"elementor-element elementor-element-0184d0d elementor-widget elementor-widget-image\" data-id=\"0184d0d\" data-element_type=\"widget\" data-e-type=\"widget\" data-widget_type=\"image.default\">\n\t\t\t\t\t\t\t\t\t\t\t\t\t\t\t<img loading=\"lazy\" decoding=\"async\" width=\"513\" height=\"620\" src=\"https:\/\/limoncereza.com\/noee9611_\/wp-content\/uploads\/2026\/03\/Slide-8_2.avif\" class=\"attachment-large size-large wp-image-950\" alt=\"\" srcset=\"https:\/\/limoncereza.com\/noee9611_\/wp-content\/uploads\/2026\/03\/Slide-8_2.avif 513w, https:\/\/limoncereza.com\/noee9611_\/wp-content\/uploads\/2026\/03\/Slide-8_2-248x300.avif 248w\" sizes=\"(max-width: 513px) 100vw, 513px\" \/>\t\t\t\t\t\t\t\t\t\t\t\t\t\t\t<\/div>\n\t\t\t\t<div class=\"elementor-element elementor-element-b344b4f elementor-widget elementor-widget-image\" data-id=\"b344b4f\" data-element_type=\"widget\" data-e-type=\"widget\" data-widget_type=\"image.default\">\n\t\t\t\t\t\t\t\t\t\t\t\t\t\t\t<img loading=\"lazy\" decoding=\"async\" width=\"574\" height=\"709\" src=\"https:\/\/limoncereza.com\/noee9611_\/wp-content\/uploads\/2026\/03\/Slide-8_1.avif\" class=\"attachment-large size-large wp-image-949\" alt=\"\" srcset=\"https:\/\/limoncereza.com\/noee9611_\/wp-content\/uploads\/2026\/03\/Slide-8_1.avif 574w, https:\/\/limoncereza.com\/noee9611_\/wp-content\/uploads\/2026\/03\/Slide-8_1-243x300.avif 243w\" sizes=\"(max-width: 574px) 100vw, 574px\" \/>\t\t\t\t\t\t\t\t\t\t\t\t\t\t\t<\/div>\n\t\t\t\t<\/div>\n\t\t\t\t<\/div>\n\t\t<div class=\"elementor-element elementor-element-6b3d16e e-flex e-con-boxed e-con e-parent\" data-id=\"6b3d16e\" data-element_type=\"container\" data-e-type=\"container\">\n\t\t\t\t\t<div class=\"e-con-inner\">\n\t\t\t\t<div class=\"elementor-element elementor-element-7cdef45 elementor-widget elementor-widget-html\" data-id=\"7cdef45\" data-element_type=\"widget\" data-e-type=\"widget\" data-widget_type=\"html.default\">\n\t\t\t\t\tF<style>\n.principal {\n    transition: 0s;\n    overscroll-behavior: none;\n    will-change: transform;\n    -webkit-overflow-scrolling: touch;\n}\n.slide {\n    flex: 0 0 100%;\n    will-change: transform;\n    overflow: visible !important;\n}\nbody.elementor-page {\n    overscroll-behavior-x: none;\n}\n.parallax-slow,\n.parallax-medium,\n.parallax-fast {\n    will-change: transform !important;\n}\n.slide *,\n.elementor-container,\n.elementor-column,\n.elementor-widget-wrap {\n    overflow: visible !important;\n}\n<\/style>\n<script src=\"https:\/\/cdnjs.cloudflare.com\/ajax\/libs\/gsap\/3.12.5\/gsap.min.js\"><\/script>\n<script src=\"https:\/\/cdnjs.cloudflare.com\/ajax\/libs\/gsap\/3.12.5\/ScrollTrigger.min.js\"><\/script>\n<script>\n  gsap.registerPlugin(ScrollTrigger);\n  \n  function initHorizontalScroll() {\n    const slides = gsap.utils.toArray(\".slide\");\n    \n    console.log(\"\ud83c\udfac Slides encontrados:\", slides.length);\n    \n    if (slides.length === 0) return;\n    \n    ScrollTrigger.getAll().forEach(trigger => trigger.kill());\n    \n    const masterTimeline = gsap.timeline({\n      scrollTrigger: {\n        trigger: \".principal\",\n        pin: true,\n        markers: false,\n        scrub: true,\n        end: () => `+=${slides.length * 1500}`,\n        anticipatePin: 1,\n        invalidateOnRefresh: true,\n        normalizeScroll: true,\n        ignoreMobileResize: true,\n      }\n    });\n    \n    \/\/ Scroll horizontal de los slides\n    masterTimeline.to(slides, {\n      xPercent: -100 * (slides.length - 1),\n      ease: \"none\",\n    }, 0);\n    \n    console.log(\"\u2705 Scroll horizontal configurado\");\n    \n    const allSlowElements = document.querySelectorAll('.parallax-slow');\n    const allMediumElements = document.querySelectorAll('.parallax-medium');\n    const allFastElements = document.querySelectorAll('.parallax-fast');\n    \n    console.log(\"\ud83c\udfa8 Parallax:\", {\n      slow: allSlowElements.length,\n      medium: allMediumElements.length,\n      fast: allFastElements.length\n    });\n    \n    \/\/ VALORES M\u00c1S PEQUE\u00d1OS para efecto m\u00e1s sutil\n    \n    \/\/ PARALLAX LENTO - movimiento muy sutil\n    allSlowElements.forEach((element, index) => {\n      const target = element.querySelector('img') || element;\n      \n      masterTimeline.to(target, {\n        xPercent: -20, \/\/ Reducido de -100 a -20\n        ease: \"none\",\n      }, 0);\n      \n      console.log(`\ud83d\udc0c LENTO #${index}: xPercent=-20`);\n    });\n    \n    \/\/ PARALLAX MEDIO - movimiento moderado\n    allMediumElements.forEach((element, index) => {\n      const target = element.querySelector('img') || element;\n      \n      masterTimeline.to(target, {\n        xPercent: -40, \/\/ Reducido de -200 a -40\n        ease: \"none\",\n      }, 0);\n      \n      console.log(`\ud83c\udfc3 MEDIO #${index}: xPercent=-40`);\n    });\n    \n    \/\/ PARALLAX R\u00c1PIDO - movimiento notable pero no exagerado\n    allFastElements.forEach((element, index) => {\n      const target = element.querySelector('img') || element;\n      \n      masterTimeline.to(target, {\n        xPercent: -70, \/\/ Reducido de -400 a -70\n        ease: \"none\",\n      }, 0);\n      \n      console.log(`\ud83d\ude80 R\u00c1PIDO #${index}: xPercent=-70`);\n    });\n    \n    console.log(\"\u2705 Parallax aplicado con valores sutiles\");\n  }\n  \n  function initWhenReady() {\n    if (document.readyState === 'loading') {\n      document.addEventListener('DOMContentLoaded', () => {\n        setTimeout(() => {\n          console.log(\"\ud83d\ude80 Inicializando...\");\n          initHorizontalScroll();\n        }, 500);\n      });\n    } else {\n      setTimeout(() => {\n        console.log(\"\ud83d\ude80 Inicializando...\");\n        initHorizontalScroll();\n      }, 500);\n    }\n  }\n  \n  initWhenReady();\n  \n  let resizeTimer;\n  window.addEventListener('resize', () => {\n    clearTimeout(resizeTimer);\n    resizeTimer = setTimeout(() => {\n      ScrollTrigger.refresh();\n    }, 250);\n  });\n  \n  window.addEventListener('orientationchange', () => {\n    setTimeout(() => {\n      ScrollTrigger.refresh();\n    }, 300);\n  });\n<\/script>\t\t\t\t<\/div>\n\t\t\t\t\t<\/div>\n\t\t\t\t<\/div>\n\t\t\t\t<\/div>\n\t\t","protected":false},"excerpt":{"rendered":"<p>F<\/p>\n","protected":false},"author":1,"featured_media":0,"parent":0,"menu_order":0,"comment_status":"closed","ping_status":"closed","template":"elementor_canvas","meta":{"footnotes":""},"class_list":["post-860","page","type-page","status-publish","hentry"],"_links":{"self":[{"href":"https:\/\/limoncereza.com\/noee9611_\/wp-json\/wp\/v2\/pages\/860","targetHints":{"allow":["GET"]}}],"collection":[{"href":"https:\/\/limoncereza.com\/noee9611_\/wp-json\/wp\/v2\/pages"}],"about":[{"href":"https:\/\/limoncereza.com\/noee9611_\/wp-json\/wp\/v2\/types\/page"}],"author":[{"embeddable":true,"href":"https:\/\/limoncereza.com\/noee9611_\/wp-json\/wp\/v2\/users\/1"}],"replies":[{"embeddable":true,"href":"https:\/\/limoncereza.com\/noee9611_\/wp-json\/wp\/v2\/comments?post=860"}],"version-history":[{"count":76,"href":"https:\/\/limoncereza.com\/noee9611_\/wp-json\/wp\/v2\/pages\/860\/revisions"}],"predecessor-version":[{"id":957,"href":"https:\/\/limoncereza.com\/noee9611_\/wp-json\/wp\/v2\/pages\/860\/revisions\/957"}],"wp:attachment":[{"href":"https:\/\/limoncereza.com\/noee9611_\/wp-json\/wp\/v2\/media?parent=860"}],"curies":[{"name":"wp","href":"https:\/\/api.w.org\/{rel}","templated":true}]}}